{"id":21,"date":"2024-08-18T13:50:10","date_gmt":"2024-08-18T13:50:10","guid":{"rendered":"https:\/\/talithawidmer.com\/?page_id=21"},"modified":"2025-07-20T20:24:35","modified_gmt":"2025-07-20T20:24:35","slug":"pt","status":"publish","type":"page","link":"https:\/\/talithawidmer.com\/index.php\/pt\/","title":{"rendered":"Talitha Widmer aconselhamento psicol\u00f3gico"},"content":{"rendered":"\n<div class=\"wp-block-cover is-light wp-elements-5df6a3a81ab8c7f0dd857add9c5de941\" style=\"padding-top:50vh;padding-bottom:10vh\"><span aria-hidden=\"true\" class=\"wp-block-cover__background has-background-dim-0 has-background-dim\" style=\"background-color:#c1af9c\"><\/span><img loading=\"lazy\" decoding=\"async\" width=\"2560\" height=\"1740\" class=\"wp-block-cover__image-background wp-image-189\" alt=\"Portrait Talitha\" src=\"https:\/\/talithawidmer.com\/wp-content\/uploads\/2025\/02\/talitha2-scaled.jpeg\" style=\"object-position:53% 40%\" data-object-fit=\"cover\" data-object-position=\"53% 40%\" srcset=\"https:\/\/talithawidmer.com\/wp-content\/uploads\/2025\/02\/talitha2-scaled.jpeg 2560w, https:\/\/talithawidmer.com\/wp-content\/uploads\/2025\/02\/talitha2-300x204.jpeg 300w, https:\/\/talithawidmer.com\/wp-content\/uploads\/2025\/02\/talitha2-1024x696.jpeg 1024w, https:\/\/talithawidmer.com\/wp-content\/uploads\/2025\/02\/talitha2-768x522.jpeg 768w, https:\/\/talithawidmer.com\/wp-content\/uploads\/2025\/02\/talitha2-1536x1044.jpeg 1536w, https:\/\/talithawidmer.com\/wp-content\/uploads\/2025\/02\/talitha2-2048x1392.jpeg 2048w\" sizes=\"auto, (max-width: 2560px) 100vw, 2560px\" \/><div class=\"wp-block-cover__inner-container has-global-padding is-layout-constrained wp-container-core-cover-is-layout-a2785266 wp-block-cover-is-layout-constrained\">\n<h1 class=\"wp-block-heading\">Talitha Widmer<\/h1>\n\n\n\n<h3 class=\"wp-block-heading\">Psic\u00f3loga lic. phil. I<\/h3>\n<\/div><\/div>\n\n\n\n<div class=\"wp-block-group has-custom-abschnitt-1-background-color has-background has-global-padding is-layout-constrained wp-container-core-group-is-layout-b1423199 wp-block-group-is-layout-constrained\" style=\"margin-top:0;margin-bottom:0;padding-top:2em;padding-bottom:2em\">\n<p>O aconselhamento psicol\u00f3gico favorece o desenvolvimento pessoal, incentiva voc\u00ea a reconhecer e ativar seus recursos e trabalhar temas que s\u00e3o atuais para voc\u00ea. O espa\u00e7o seguro, onde qualquer pensamento \u00e9 permitido e valorizado e toda dor \u00e9 respeitada, permite que voc\u00ea se confronte com seus bloqueios e medos e decida, qual o caminho voc\u00ea deseja seguir.<\/p>\n\n\n\n<p>Ficarei muito feliz com o seu contato e em poder acompanhar voc\u00ea em uma parte dessa sua jornada com muito respeito, encorajamento e uma pitada de humor.<\/p>\n\n\n\n<div style=\"height:1.8em\" aria-hidden=\"true\" id=\"proposta\" class=\"wp-block-spacer\"><\/div>\n<\/div>\n\n\n\n<div class=\"wp-block-group has-custom-abschnitt-6-background-color has-background has-global-padding is-layout-constrained wp-container-core-group-is-layout-b1423199 wp-block-group-is-layout-constrained\" style=\"margin-top:0;margin-bottom:0;padding-top:2em;padding-bottom:2em\">\n<h2 class=\"wp-block-heading\">Proposta<\/h2>\n\n\n\n<p>Consultas em portugu\u00eas, espanhol e alem\u00e3o. Aconselhamento individual ou casal.<\/p>\n\n\n\n<p>Querer mudar algo e buscar apoio s\u00e3o os primeiros passos para visualizar novas perspectivas.&nbsp;&nbsp;Ativar seus recursos \u00e9 parte do caminho para atingir seus objetivos.<\/p>\n\n\n\n<p>Os seguintes t\u00f3picos podem ser tema no aconselhamento:<\/p>\n\n\n\n<ul class=\"wp-block-list\">\n<li>Desejo de mudan\u00e7a, respeitando seu tempo e seus limites.<\/li>\n\n\n\n<li>Dificuldades em aceitar alguns aspectos pessoais ou em tomar decis\u00f5es<\/li>\n\n\n\n<li>Desilus\u00e3o, desesperan\u00e7a<\/li>\n\n\n\n<li>Cansa\u00e7o excessivo, falta de motiva\u00e7\u00e3o<\/li>\n\n\n\n<li>Autoconfian\u00e7a, autoestima<\/li>\n\n\n\n<li>Migra\u00e7\u00e3o ou integra\u00e7\u00e3o, apoio para expats<\/li>\n\n\n\n<li>Relacionamentos, separa\u00e7\u00e3o<\/li>\n\n\n\n<li>Crises existenciais, mudan\u00e7as repentinas na vida<\/li>\n\n\n\n<li>Encarar o envelhecimento de forma saud\u00e1vel<\/li>\n\n\n\n<li>Temas relativos ao trabalho<\/li>\n\n\n\n<li>Medo e\/ou p\u00e2nico<\/li>\n\n\n\n<li>Experi\u00eancias com viol\u00eancia dom\u00e9stica e\/ou viol\u00eancia sexual<\/li>\n<\/ul>\n\n\n\n<p>Atualmente, ofere\u00e7o aconselhamento presencial nas segundas-feiras. Nos outros dias ofere\u00e7o somente aconselhamento on-line.<\/p>\n\n\n\n<h3 class=\"wp-block-heading\">Tempo de dura\u00e7\u00e3o<\/h3>\n\n\n\n<p><em>Eu mere\u00e7o e me permito o tempo que preciso para fazer as coisas que curam meu cora\u00e7\u00e3o e me fazem bem!<\/em><\/p>\n\n\n\n<p>Sua primeira sess\u00e3o \u00e9 um encontro de boas-vindas. Nela, podemos nos conhecer e verificar se a estrutura de aconselhamento \u00e9 adequada para suas quest\u00f5es. Na primeira sess\u00e3o, tamb\u00e9m esclarecemos perguntas em aberto e determinamos um poss\u00edvel foco para o aconselhamento.<\/p>\n\n\n\n<p>A dura\u00e7\u00e3o ser\u00e1 decidida individualmete com voc\u00ea, dependendo daquilo que voc\u00ea quer atingir. Algumas quest\u00f5es podem ser resolvidas rapidamente, outras precisam de mais tempo para serem tratadas. Em \u00faltima an\u00e1lise, voc\u00ea decide quando e em que medida gostaria de ter o meu apoio. <\/p>\n\n\n\n<p>O tempo de dura\u00e7\u00e3o do aconselhamento depende dos objetivos que voc\u00ea quer atingir.<\/p>\n<\/div>\n\n\n\n<div class=\"wp-block-group has-global-padding is-layout-constrained wp-block-group-is-layout-constrained has-background\" style=\"margin-top:0;margin-bottom:0;padding-top:2em;padding-bottom:2em;background-image:url(&apos;https:\/\/talithawidmer.com\/wp-content\/uploads\/2025\/02\/pintura2.jpeg&apos;);background-size:cover;\">\n<div style=\"height:380px\" aria-hidden=\"true\" class=\"wp-block-spacer\"><\/div>\n\n\n\n<div style=\"height:1.8em\" aria-hidden=\"true\" id=\"condicoes\" class=\"wp-block-spacer\"><\/div>\n<\/div>\n\n\n\n<div class=\"wp-block-group has-custom-abschnitt-7-background-color has-background has-global-padding is-layout-constrained wp-container-core-group-is-layout-b1423199 wp-block-group-is-layout-constrained\" style=\"margin-top:0;margin-bottom:0;padding-top:2em;padding-bottom:2em\">\n<h2 class=\"wp-block-heading\">Condi\u00e7\u00f5es de pagamento<\/h2>\n\n\n\n<p>Taxa de consulta individual: 50 minutos CHF 150.-<\/p>\n\n\n\n<p>Uma sess\u00e3o dura 50 minutos. Para sess\u00f5es mais longas, ser\u00e1 cobrada uma taxa fixa de CHF 30.- por 15 minutos adicionais.<\/p>\n\n\n\n<p>Cancelamentos realizados menos de 24 horas antes do hor\u00e1rio de atendimento ser\u00e3o cobrados.<\/p>\n\n\n\n<p>As sess\u00f5es de aconselhamento n\u00e3o s\u00e3o cobertas pelo seguro b\u00e1sico. Cobertura parcial por meio de seguro suplementar.<\/p>\n\n\n\n<p>Tarifas sociais poss\u00edveis.<\/p>\n\n\n\n<div style=\"height:1.8em\" aria-hidden=\"true\" id=\"sobre\" class=\"wp-block-spacer\"><\/div>\n<\/div>\n\n\n\n<div class=\"wp-block-group has-custom-abschnitt-6-background-color has-background has-global-padding is-layout-constrained wp-container-core-group-is-layout-b1423199 wp-block-group-is-layout-constrained\" style=\"margin-top:0;margin-bottom:0;padding-top:2em;padding-bottom:2em\">\n<h2 class=\"wp-block-heading\">Sobre mim<\/h2>\n\n\n\n<p>Nasci no Brasil e me mudei para a Su\u00ed\u00e7a aos 26 anos. Para mim \u00e9 um privil\u00e9gio poder viver entre duas culturas e aprender a conhecer partes de mim que florescem diferente em cada uma delas. Busco o equil\u00edbrio constante entre o desenvolvimento profissional cont\u00ednuo e uma vida social, cultural e saud\u00e1vel ativa. Paralelo ao meu trabalho como conselheira na organiza\u00e7\u00e3o Frauenberatung sexuelle Gewalt, atuo como volunt\u00e1ria em algumas organiza\u00e7\u00f5es socioculturais.<\/p>\n\n\n\n<p>Sou brasileira\/su\u00ed\u00e7a, formada em psicologia pela PUC &#8211; Campinas, com diversas especializa\u00e7\u00f5es nas \u00e1reas cl\u00ednica, escolar, social, em temas como trauma, viol\u00eancia dom\u00e9stica e\/ou sexual, bem como na lei de apoio \u00e0s v\u00edtimas da Su\u00ed\u00e7a.<\/p>\n\n\n\n<p>A vasta experi\u00eancia acumulada em anos de atua\u00e7\u00e3o em aconselhamento, psicologia clinica e social e em gest\u00e3o em diferentes setores (p\u00fablico e privado), minha pr\u00f3pria viv\u00eancia de migra\u00e7\u00e3o e relacionamentos binacionais, al\u00e9m da cria\u00e7\u00e3o de um espa\u00e7o de integra\u00e7\u00e3o atrav\u00e9s da m\u00fasica e dan\u00e7a, entre outros, deram-me bagagem para acreditar no poder transformador presente em cada indiv\u00edduo e asseguram a qualidade do meu trabalho. E \u00e9 com base nesses princ\u00edpios que gostaria de apoiar voc\u00ea a compreender e aprender a lidar com as estruturas constru\u00eddas durante sua vida, que fazem voc\u00ea ser o que voc\u00ea \u00e9 e a decidir, qual o caminho voc\u00ea deseja seguir.<\/p>\n\n\n\n<h3 class=\"wp-block-heading\">Qualifica\u00e7\u00e3o<\/h3>\n\n\n\n<ul class=\"wp-block-list\">\n<li>Licenciatura Plena e Bacharelado em Psicologia, PUCCAMP, Campinas, Brasil &#8211; Diploma reconhecido em 1997 como forma\u00e7\u00e3o equivalente pela Zentralstelle f\u00fcr Hochschulwesen, Bern e admiss\u00e3o no FSP, Federation Schweizer Psychologinnen und Psychologen e Z\u00dcPP em 2000, Zurique, Su\u00ed\u00e7a<\/li>\n\n\n\n<li>Forma\u00e7\u00e3o em Psicologia Cl\u00ednica em Psiquiatria (3266h), com bolsa da Funda\u00e7\u00e3o para o desenvolvimento Administrativo Faculdade de Sa\u00fade P\u00fablica USP, S\u00e3o Paulo, Brasil.<\/li>\n\n\n\n<li>Especializa\u00e7\u00e3o em Psicologia Escolar e da Aprendizagem (435h), PUCCAMP, Campinas, Brasil<\/li>\n\n\n\n<li>Curso de exten\u00e7\u00e3o em Psicopatologia e Pedagogia Social &#8211; Philosophischen Fakult\u00e4t1, Universidade de Zurique, Su\u00ed\u00e7a<\/li>\n\n\n\n<li>Formadora de profissionais &#8211; Praxisausbildnerin (500h), Hochschule f\u00fcr Sozialarbeit, Z\u00fcrich, Su\u00ed\u00e7a<\/li>\n\n\n\n<li>Curso de especializa\u00e7\u00e3o na Lei de V\u00edtimas (Fachkurs Opferhilfe), Berner Fachhochschule BFH, Bern, Sui\u00e7a<\/li>\n\n\n\n<li>Diversos cursos entre outros sobre as tem\u00e1ticas: trauma, viol\u00eancia sexual e dom\u00e9stica, burnout, psicologia organizacional, legisla\u00e7\u00e3o su\u00ed\u00e7a, t\u00e9cnicas de aconselhamento, dist\u00farbios alimentares e migra\u00e7\u00e3o<\/li>\n\n\n\n<li>Forma\u00e7\u00e3o PEP\u00ae (Dr. Bohne)<\/li>\n<\/ul>\n\n\n\n<h3 class=\"wp-block-heading\">Experi\u00eancia profissional<\/h3>\n\n\n\n<ul class=\"wp-block-list\">\n<li>Atendimento psicol\u00f3gico individual online e\/ou presencial<\/li>\n\n\n\n<li>Aconselhamento psico-social e jur\u00eddico de acordo com a Lei de V\u00edtimas para v\u00edtimas de viol\u00eancia sexual e dom\u00e9stica em um Centro de Aconselhamento para V\u00edtimas (Frauenberatung sexuelle Gewalt Opferhilfeberatungsstelle) &#8211; durante os \u00faltimos dez anos e at\u00e9 hoje, Z\u00fcrich, Su\u00ed\u00e7a<\/li>\n\n\n\n<li>Atua\u00e7\u00e3o como conselheira no setor de acolhimento de v\u00edtimas de viol\u00eancia (abrigo para meninas, M\u00e4dchenhaus Z\u00fcrich, e para mulheres, Frauenhaus AG-SO), durante 14 anos<\/li>\n\n\n\n<li>Gerente de projetos na \u00e1rea cultural e de responsabilidade social<\/li>\n\n\n\n<li>Professora de l\u00ednguas (portugu\u00eas e franc\u00eas) e de dan\u00e7a<\/li>\n\n\n\n<li>Execu\u00e7\u00e3o de v\u00e1rios cursos sobre o t\u00f3pico \u201cass\u00e9dio sexual no local de trabalho\u201d e v\u00e1rias palestras sobre viol\u00eancia sexual e dom\u00e9stica e a lei de v\u00edtimas<\/li>\n\n\n\n<li>Elabora\u00e7\u00e3o e implanta\u00e7\u00e3o do Projeto para desenvolvimento de compet\u00eancias para mulheres v\u00edtimas de viol\u00eancia dom\u00e9stica, Frauenhaus AG-SO, Aarau, Su\u00ed\u00e7a<\/li>\n\n\n\n<li>Participa\u00e7\u00e3o na elabora\u00e7\u00e3o e implanta\u00e7\u00e3o de palestras sobre \u201cPreven\u00e7\u00e3o de abuso sexual em crian\u00e7as e adolescentes\u201d; forma\u00e7\u00e3o de multiplicadores sobre o tema<\/li>\n\n\n\n<li>Coordenadora de uma casa do projeto Casa Abrigo para crian\u00e7as e adolescentes carentes. Projeto do governo de S\u00e3o Paulo, durante 4 anos<\/li>\n\n\n\n<li>Atendimento psicol\u00f3gico e psicoterapia individual, cl\u00ednica particular, S\u00e3o Paulo, Brasil; atendimento psicol\u00f3gico individual e grupal e psicoterapia Centro de Sa\u00fade de Baruer\u00ed, S\u00e3o Paulo, Brasil; atendimento psicol\u00f3gico individual e grupal e psicoterapia na cl\u00ednica e no departamento de obstetr\u00edcia, como parte do Aprimoramento em Psicologia Cl\u00ednica em Psiquiatria, durante sete anos<\/li>\n<\/ul>\n\n\n\n<h3 class=\"wp-block-heading\">Associa\u00e7\u00f5es<\/h3>\n\n\n\n<p>FSP F\u00f6deration Schweiz Psycholog:innen<\/p>\n\n\n\n<p>Z\u00fcPP Kantonalverband der Z\u00fcrcher Psycholog:innen<\/p>\n\n\n\n<p>CEBRAC \u2013 Centro Brasileiro de Cultura<\/p>\n\n\n\n<div style=\"height:1.8em\" aria-hidden=\"true\" id=\"contato\" class=\"wp-block-spacer\"><\/div>\n<\/div>\n\n\n\n<div class=\"wp-block-group has-custom-abschnitt-1-background-color has-background has-global-padding is-layout-constrained wp-container-core-group-is-layout-142bcd53 wp-block-group-is-layout-constrained\" style=\"margin-top:0;margin-bottom:0;padding-top:2em;padding-bottom:var(--wp--preset--spacing--20)\">\n<h2 class=\"wp-block-heading\">Contato<\/h2>\n\n\n\n<p>Para mais informa\u00e7\u00f5es entre em contato pelo formul\u00e1rio ou pelo WhatsApp. Responderei sua mensagem o mais breve poss\u00edvel.<\/p>\n\n\n<div class=\"wpforms-container wpforms-container-full wpforms-block wpforms-block-3230a413-ca0c-40d9-85e8-ca684b2c614c wpforms-render-modern\" id=\"wpforms-143\"><form id=\"wpforms-form-143\" class=\"wpforms-validate wpforms-form wpforms-ajax-form\" data-formid=\"143\" method=\"post\" enctype=\"multipart\/form-data\" action=\"\/index.php\/wp-json\/wp\/v2\/pages\/21\" data-token=\"a53deaf86cdfd678c4b2dce179c922c2\" data-token-time=\"1776212545\"><noscript class=\"wpforms-error-noscript\">Please enable JavaScript in your browser to complete this form.<\/noscript><div id=\"wpforms-error-noscript\" style=\"display: none;\">Please enable JavaScript in your browser to complete this form.<\/div><div class=\"wpforms-field-container\"><div id=\"wpforms-143-field_1-container\" class=\"wpforms-field wpforms-field-name\" data-field-id=\"1\"><label class=\"wpforms-field-label\" for=\"wpforms-143-field_1\">Nome <span class=\"wpforms-required-label\" aria-hidden=\"true\">*<\/span><\/label><input type=\"text\" id=\"wpforms-143-field_1\" class=\"wpforms-field-medium wpforms-field-required\" name=\"wpforms[fields][1]\" aria-errormessage=\"wpforms-143-field_1-error\" required><\/div><div id=\"wpforms-143-field_2-container\" class=\"wpforms-field wpforms-field-email\" data-field-id=\"2\"><label class=\"wpforms-field-label\" for=\"wpforms-143-field_2\">Email <span class=\"wpforms-required-label\" aria-hidden=\"true\">*<\/span><\/label><input type=\"email\" id=\"wpforms-143-field_2\" class=\"wpforms-field-medium wpforms-field-required\" name=\"wpforms[fields][2]\" spellcheck=\"false\" aria-errormessage=\"wpforms-143-field_2-error\" required><\/div>\t\t<div id=\"wpforms-143-field_4-container\"\n\t\t\tclass=\"wpforms-field wpforms-field-text\"\n\t\t\tdata-field-type=\"text\"\n\t\t\tdata-field-id=\"4\"\n\t\t\t>\n\t\t\t<label class=\"wpforms-field-label\" for=\"wpforms-143-field_4\" >Email Mensagem Nome<\/label>\n\t\t\t<input type=\"text\" id=\"wpforms-143-field_4\" class=\"wpforms-field-medium\" name=\"wpforms[fields][4]\" >\n\t\t<\/div>\n\t\t<div id=\"wpforms-143-field_3-container\" class=\"wpforms-field wpforms-field-textarea\" data-field-id=\"3\"><label class=\"wpforms-field-label\" for=\"wpforms-143-field_3\">Mensagem <span class=\"wpforms-required-label\" aria-hidden=\"true\">*<\/span><\/label><textarea id=\"wpforms-143-field_3\" class=\"wpforms-field-medium wpforms-field-required\" name=\"wpforms[fields][3]\" aria-errormessage=\"wpforms-143-field_3-error\" required><\/textarea><\/div><script>\n\t\t\t\t( function() {\n\t\t\t\t\tconst style = document.createElement( 'style' );\n\t\t\t\t\tstyle.appendChild( document.createTextNode( '#wpforms-143-field_4-container { position: absolute !important; overflow: hidden !important; display: inline !important; height: 1px !important; width: 1px !important; z-index: -1000 !important; padding: 0 !important; } #wpforms-143-field_4-container input { visibility: hidden; } #wpforms-conversational-form-page #wpforms-143-field_4-container label { counter-increment: none; }' ) );\n\t\t\t\t\tdocument.head.appendChild( style );\n\t\t\t\t\tdocument.currentScript?.remove();\n\t\t\t\t} )();\n\t\t\t<\/script><\/div><!-- .wpforms-field-container --><div class=\"wpforms-submit-container\" ><input type=\"hidden\" name=\"wpforms[id]\" value=\"143\"><input type=\"hidden\" name=\"page_title\" value=\"\"><input type=\"hidden\" name=\"page_url\" value=\"https:\/\/talithawidmer.com\/index.php\/wp-json\/wp\/v2\/pages\/21\"><input type=\"hidden\" name=\"url_referer\" value=\"\"><button type=\"submit\" name=\"wpforms[submit]\" id=\"wpforms-submit-143\" class=\"wpforms-submit\" data-alt-text=\"Enviando...\" data-submit-text=\"Enviar\" aria-live=\"assertive\" value=\"wpforms-submit\">Enviar<\/button><img loading=\"lazy\" decoding=\"async\" src=\"https:\/\/talithawidmer.com\/wp-content\/plugins\/wpforms-lite\/assets\/images\/submit-spin.svg\" class=\"wpforms-submit-spinner\" style=\"display: none;\" width=\"26\" height=\"26\" alt=\"Loading\"><\/div><\/form><\/div>  <!-- .wpforms-container -->\n\n\n<figure class=\"wp-block-image size-full\"><a href=\"https:\/\/wa.me\/message\/7PX46WBMOI2ZD1\"><img loading=\"lazy\" decoding=\"async\" width=\"320\" height=\"72\" src=\"https:\/\/talithawidmer.com\/wp-content\/uploads\/2025\/02\/WhatsAppButtonWhiteSmall.png\" alt=\"\" class=\"wp-image-269\" srcset=\"https:\/\/talithawidmer.com\/wp-content\/uploads\/2025\/02\/WhatsAppButtonWhiteSmall.png 320w, https:\/\/talithawidmer.com\/wp-content\/uploads\/2025\/02\/WhatsAppButtonWhiteSmall-300x68.png 300w\" sizes=\"auto, (max-width: 320px) 100vw, 320px\" \/><\/a><\/figure>\n<\/div>\n\n\n\n<div class=\"wp-block-group has-global-padding is-layout-constrained wp-container-core-group-is-layout-7bf8c356 wp-block-group-is-layout-constrained\" style=\"margin-top:0;margin-bottom:0;padding-top:var(--wp--preset--spacing--10);padding-bottom:var(--wp--preset--spacing--10)\">\n<figure class=\"wp-block-image aligncenter size-medium\"><img loading=\"lazy\" decoding=\"async\" width=\"300\" height=\"255\" src=\"https:\/\/talithawidmer.com\/wp-content\/uploads\/2025\/03\/logo-fsp-300x255.png\" alt=\"\" class=\"wp-image-282\" srcset=\"https:\/\/talithawidmer.com\/wp-content\/uploads\/2025\/03\/logo-fsp-300x255.png 300w, https:\/\/talithawidmer.com\/wp-content\/uploads\/2025\/03\/logo-fsp-1024x872.png 1024w, https:\/\/talithawidmer.com\/wp-content\/uploads\/2025\/03\/logo-fsp-768x654.png 768w, https:\/\/talithawidmer.com\/wp-content\/uploads\/2025\/03\/logo-fsp-1536x1308.png 1536w, https:\/\/talithawidmer.com\/wp-content\/uploads\/2025\/03\/logo-fsp-2048x1744.png 2048w\" sizes=\"auto, (max-width: 300px) 100vw, 300px\" \/><\/figure>\n\n\n\n<figure class=\"wp-block-image aligncenter size-full\"><img loading=\"lazy\" decoding=\"async\" width=\"200\" height=\"191\" src=\"https:\/\/talithawidmer.com\/wp-content\/uploads\/2025\/07\/pep-logo-mittel.png\" alt=\"\" class=\"wp-image-364\"\/><\/figure>\n<\/div>\n","protected":false},"excerpt":{"rendered":"<p>O aconselhamento psicol\u00f3gico favorece o desenvolvimento pessoal, incentiva voc\u00ea a reconhecer e ativar seus recursos e trabalhar temas que s\u00e3o atuais para voc\u00ea. O espa\u00e7o seguro, onde qualquer pensamento \u00e9 permitido e valorizado e toda dor \u00e9 respeitada, permite que voc\u00ea se confronte com seus bloqueios e medos e decida, qual o caminho voc\u00ea deseja [&hellip;]<\/p>\n","protected":false},"author":1,"featured_media":0,"parent":0,"menu_order":0,"comment_status":"closed","ping_status":"closed","template":"wp-custom-template-fullwidth-pt","meta":{"footnotes":""},"class_list":["post-21","page","type-page","status-publish","hentry"],"_links":{"self":[{"href":"https:\/\/talithawidmer.com\/index.php\/wp-json\/wp\/v2\/pages\/21","targetHints":{"allow":["GET"]}}],"collection":[{"href":"https:\/\/talithawidmer.com\/index.php\/wp-json\/wp\/v2\/pages"}],"about":[{"href":"https:\/\/talithawidmer.com\/index.php\/wp-json\/wp\/v2\/types\/page"}],"author":[{"embeddable":true,"href":"https:\/\/talithawidmer.com\/index.php\/wp-json\/wp\/v2\/users\/1"}],"replies":[{"embeddable":true,"href":"https:\/\/talithawidmer.com\/index.php\/wp-json\/wp\/v2\/comments?post=21"}],"version-history":[{"count":39,"href":"https:\/\/talithawidmer.com\/index.php\/wp-json\/wp\/v2\/pages\/21\/revisions"}],"predecessor-version":[{"id":368,"href":"https:\/\/talithawidmer.com\/index.php\/wp-json\/wp\/v2\/pages\/21\/revisions\/368"}],"wp:attachment":[{"href":"https:\/\/talithawidmer.com\/index.php\/wp-json\/wp\/v2\/media?parent=21"}],"curies":[{"name":"wp","href":"https:\/\/api.w.org\/{rel}","templated":true}]}}