{"id":8,"date":"2024-07-28T10:27:48","date_gmt":"2024-07-28T10:27:48","guid":{"rendered":"http:\/\/localhost\/wordpress\/?page_id=8"},"modified":"2025-07-20T20:28:09","modified_gmt":"2025-07-20T20:28:09","slug":"de","status":"publish","type":"page","link":"https:\/\/talithawidmer.com\/","title":{"rendered":"Talitha Widmer psychologische Beratung"},"content":{"rendered":"\n<div class=\"wp-block-cover is-light wp-elements-8d90221288c86c80a692c30eee7d414f\" style=\"padding-top:50vh;padding-right:0;padding-bottom:10vh;padding-left:0\"><span aria-hidden=\"true\" class=\"wp-block-cover__background has-background-dim-0 has-background-dim\" style=\"background-color:#c1af9c\"><\/span><img loading=\"lazy\" decoding=\"async\" width=\"2560\" height=\"1740\" class=\"wp-block-cover__image-background wp-image-189\" alt=\"Portrait Talitha\" src=\"https:\/\/talithawidmer.com\/wp-content\/uploads\/2025\/02\/talitha2-scaled.jpeg\" style=\"object-position:53% 45%\" data-object-fit=\"cover\" data-object-position=\"53% 45%\" srcset=\"https:\/\/talithawidmer.com\/wp-content\/uploads\/2025\/02\/talitha2-scaled.jpeg 2560w, https:\/\/talithawidmer.com\/wp-content\/uploads\/2025\/02\/talitha2-300x204.jpeg 300w, https:\/\/talithawidmer.com\/wp-content\/uploads\/2025\/02\/talitha2-1024x696.jpeg 1024w, https:\/\/talithawidmer.com\/wp-content\/uploads\/2025\/02\/talitha2-768x522.jpeg 768w, https:\/\/talithawidmer.com\/wp-content\/uploads\/2025\/02\/talitha2-1536x1044.jpeg 1536w, https:\/\/talithawidmer.com\/wp-content\/uploads\/2025\/02\/talitha2-2048x1392.jpeg 2048w\" sizes=\"auto, (max-width: 2560px) 100vw, 2560px\" \/><div class=\"wp-block-cover__inner-container has-global-padding is-layout-constrained wp-container-core-cover-is-layout-6cbe988b wp-block-cover-is-layout-constrained\">\n<h1 class=\"wp-block-heading mw-no-padding\">Talitha Widmer<\/h1>\n\n\n\n<h3 class=\"wp-block-heading has-text-align-left mw-no-padding\">Psychologische Beratung<\/h3>\n<\/div><\/div>\n\n\n\n<div class=\"wp-block-group has-custom-abschnitt-1-background-color has-background has-global-padding is-layout-constrained wp-container-core-group-is-layout-b1423199 wp-block-group-is-layout-constrained\" style=\"margin-top:0;margin-bottom:0;padding-top:2em;padding-bottom:2em\">\n<p>Psychologische Beratung f\u00f6rdert die pers\u00f6nliche Entwicklung, ermutigt Sie, Ihre Ressourcen zu erkennen und zu aktivieren und an Themen zu arbeiten, die f\u00fcr Sie aktuell sind. Der gesch\u00fctzte Raum, in dem jeder Gedanke erlaubt und wertgesch\u00e4tzt und jeder Schmerz respektiert wird, erm\u00f6glicht es Ihnen, sich Ihren Blockaden und \u00c4ngsten zu stellen und zu entscheiden, welchen Weg Sie gehen wollen.<\/p>\n\n\n\n<p>Ich w\u00fcrde mich freuen, von Ihnen zu h\u00f6ren und Sie auf einem Teil Ihres Weges mit Respekt, Ermutigung und einer Prise Humor zu begleiten.<\/p>\n\n\n\n<div style=\"margin-top:0;margin-bottom:0;height:1.8em\" aria-hidden=\"true\" id=\"angebot\" class=\"wp-block-spacer\"><\/div>\n<\/div>\n\n\n\n<div class=\"wp-block-group has-custom-abschnitt-6-background-color has-background has-global-padding is-layout-constrained wp-container-core-group-is-layout-890887f7 wp-block-group-is-layout-constrained\" style=\"margin-top:0;margin-bottom:0;padding-top:2em;padding-bottom:2em\">\n<h2 class=\"wp-block-heading\">Angebot<\/h2>\n\n\n\n<p>Beratung auf Deutsch, Portugiesisch oder Spanisch. Einzel- oder Paarberatung.<\/p>\n\n\n\n<p>Der Wunsch, etwas zu ver\u00e4ndern und die Suche nach Unterst\u00fctzung sind die ersten Schritte, um neue Perspektiven zu er\u00f6ffnen. Die Aktivierung der eigenen Ressourcen ist Teil des Weges, um deine Ziele zu erreichen.<\/p>\n\n\n\n<p>Die folgenden Themen k\u00f6nnen in der Beratung besprochen werden:<\/p>\n\n\n\n<ul class=\"wp-block-list\">\n<li>Wunsch nach Ver\u00e4nderung, im eigenen Tempo und unter Ber\u00fccksichtigung der eigenen Grenzen.<\/li>\n\n\n\n<li>Schwierigkeiten mit sich selbst oder mit dem Treffen von Entscheidungen<\/li>\n\n\n\n<li>Desillusionierung, Hoffnungslosigkeit<\/li>\n\n\n\n<li>\u00dcberm\u00e4\u00dfige M\u00fcdigkeit, mangelnde Motivation<\/li>\n\n\n\n<li>Selbstvertrauen, Selbstwertgef\u00fchl<\/li>\n\n\n\n<li>Migration oder Integration, Unterst\u00fctzung f\u00fcr Expats<\/li>\n\n\n\n<li>Beziehungen, Trennung<\/li>\n\n\n\n<li>Existenzielle Krisen, pl\u00f6tzliche Ver\u00e4nderungen im Leben<\/li>\n\n\n\n<li>Gesunde Bew\u00e4ltigung des Alterns<\/li>\n\n\n\n<li>Arbeitsbezogene Fragen<\/li>\n\n\n\n<li>\u00c4ngste und\/oder Panik<\/li>\n\n\n\n<li>Erfahrungen mit h\u00e4uslicher Gewalt und\/oder sexueller Gewalt<\/li>\n<\/ul>\n\n\n\n<p>Ich biete Pr\u00e4senzberatung montags an. An anderen Tagen sind psychologische Beratungen nur online m\u00f6glich.<\/p>\n\n\n\n<h3 class=\"wp-block-heading\">Dauer<\/h3>\n\n\n\n<p><em>Ich verdiene es und g\u00f6nne mir die Zeit, die ich brauche, um die Dinge zu tun, die mein Herz heilen und mir gut tun!<\/em><\/p>\n\n\n\n<p>Ihre erste Sitzung ist ein Begr\u00fcssungsgespr\u00e4ch. Hier lernen wir uns gegenseitig kennen und sehen, ob die Beratungsstruktur f\u00fcr Ihre Fragen geeignet ist. In der ersten Sitzung kl\u00e4ren wir auch offene Fragen und legen einen m\u00f6glichen Schwerpunkt f\u00fcr die Beratung fest.<\/p>\n\n\n\n<p>Die Dauer wird individuell mit Ihnen festgelegt, je nachdem, was Sie erreichen wollen. Manche Themen lassen sich schnell kl\u00e4ren, andere brauchen mehr Zeit, um bearbeitet zu werden. Letztlich entscheiden Sie, wann und in welchem Umfang Sie meine Unterst\u00fctzung w\u00fcnschen.<\/p>\n\n\n\n<p>Die Dauer der Beratung richtet sich nach den Zielen, die Sie erreichen wollen.<\/p>\n<\/div>\n\n\n\n<div class=\"wp-block-group has-global-padding is-layout-constrained wp-block-group-is-layout-constrained has-background\" style=\"margin-top:0;margin-bottom:0;padding-top:2em;padding-bottom:2em;background-image:url(&apos;https:\/\/talithawidmer.com\/wp-content\/uploads\/2025\/02\/pintura2.jpeg&apos;);background-size:cover;\">\n<div style=\"height:380px\" aria-hidden=\"true\" class=\"wp-block-spacer\"><\/div>\n\n\n\n<div style=\"height:1.8em\" aria-hidden=\"true\" id=\"konditionen\" class=\"wp-block-spacer\"><\/div>\n<\/div>\n\n\n\n<div class=\"wp-block-group has-custom-abschnitt-7-background-color has-background has-global-padding is-layout-constrained wp-container-core-group-is-layout-b1423199 wp-block-group-is-layout-constrained\" style=\"margin-top:0;margin-bottom:0;padding-top:2em;padding-bottom:2em\">\n<h2 class=\"wp-block-heading\">Konditionen<\/h2>\n\n\n\n<p>Individuelle Beratung: 50 Minuten CHF 150.-<\/p>\n\n\n\n<p>Eine Sitzung dauert 50 Minuten. Bei l\u00e4ngeren Sitzungen wird eine Pauschale von CHF 30.- f\u00fcr jede weitere 15 Minuten verrechnet.<\/p>\n\n\n\n<p>Absagen, die weniger als 24 Stunden vor dem vereinbarten Termin erfolgen, werden in Rechnung gestellt.<\/p>\n\n\n\n<p>Die Beratungsgespr\u00e4che werden von der Grundversicherung nicht \u00fcbernommen. Teilabdeckung durch Zusatzversicherung.<\/p>\n\n\n\n<p>Solidartarife m\u00f6glich.<\/p>\n\n\n\n<div style=\"height:1.8em\" aria-hidden=\"true\" id=\"ueber\" class=\"wp-block-spacer\"><\/div>\n<\/div>\n\n\n\n<div class=\"wp-block-group has-custom-abschnitt-6-background-color has-background has-global-padding is-layout-constrained wp-container-core-group-is-layout-b1423199 wp-block-group-is-layout-constrained\" style=\"margin-top:0;margin-bottom:0;padding-top:2em;padding-bottom:2em\">\n<h2 class=\"wp-block-heading\">\u00dcber mich<\/h2>\n\n\n\n<p>Ich bin in Brasilien geboren und mit 26 Jahren in die Schweiz gezogen. Es ist ein Privileg f\u00fcr mich, zwischen zwei Kulturen zu leben und Teile von mir selbst kennenzulernen, die sich in beiden Kulturen unterschiedlich entfalten. Ich bem\u00fche mich um ein st\u00e4ndiges Gleichgewicht zwischen kontinuierlicher beruflicher Entwicklung und einem aktiven sozialen, kulturellen und gesunden Leben. Neben meiner Arbeit als Beraterin f\u00fcr die Organisation Frauenberatung Sexuelle Gewalt engagiere ich mich ehrenamtlich f\u00fcr verschiedene soziokulturelle Organisationen.<\/p>\n\n\n\n<p>Ich bin Brasilianerin\/Schweizerin, habe ein Psychologiestudium an der PUC &#8211; Universit\u00e4t Campinas und verschiedene Spezialisierungen absolviert im klinischen, schulischen und sozialen Bereich zu Themen wie Trauma, h\u00e4usliche und\/oder sexualisierte Gewalt sowie \u00fcber das Schweizer Opferhilfegesetz.<\/p>\n\n\n\n<p>Die umfangreichen Erfahrungen, die ich im Laufe der Jahre in den Bereichen Beratung, klinische und soziale Psychologie und Management in verschiedenen Sektoren (\u00f6ffentlich und privat) gesammelt habe, meine eigenen Erfahrungen mit Migration und binationalen Beziehungen sowie die Schaffung eines Raums f\u00fcr Integration, unter anderem durch Musik und Tanz, haben mir den Hintergrund gegeben, an die transformative Kraft zu glauben, die in jedem Einzelnen steckt, und die Qualit\u00e4t meiner Arbeit zu gew\u00e4hrleisten. Und auf der Grundlage dieser Prinzipien m\u00f6chte ich Sie dabei unterst\u00fctzen, die Strukturen, die Sie im Laufe Ihres Lebens aufgebaut haben und die Sie zu dem machen, was Sie sind, zu verstehen und zu lernen, damit umzugehen, und zu entscheiden, welchen Weg Sie einschlagen wollen.<\/p>\n\n\n\n<h3 class=\"wp-block-heading\">Qualifikationen<\/h3>\n\n\n\n<ul class=\"wp-block-list\">\n<li>Universit\u00e4tsstudium in Psychologie, abgeschlossen mit dem Lizentiat, und Nachlizentiatsstudium in Allgemeiner Psychologie, P\u00e4pstliche Katholische Universit\u00e4t Campinas (PUCCAMP), Campinas, Brasilien. Abschluss anerkannt in 1997 als gleichwertige Ausbildung bei der Zentralstelle f\u00fcr Hochschulwesen, Bern, und in 2000 Aufnahme in die FSP, F\u00f6deration Schweizer Psychologinnen und Psychologen und Z\u00dcPP, Z\u00fcrich, Schweiz<\/li>\n\n\n\n<li>Therapeutische Ausbildung in Klinischer Psychologie in die Psychiatrie (3266h), mit einem Stipendium der Stiftung f\u00fcr administrative Entwicklung, Fakult\u00e4t f\u00fcr \u00f6ffentliche Gesundheit an der Universit\u00e4t S\u00e3o Paulo (USP), S\u00e3o Paulo, Brasilien<\/li>\n\n\n\n<li>Nachdiplomstudium in Schul- und Lernpsychologie (435h), PUCCAMP, Campinas, Brasilien<\/li>\n\n\n\n<li>Erweiterungskurs in Psychopathologie und Sozialp\u00e4dagogik &#8211; Philosophische Fakult\u00e4t1, Universit\u00e4t Z\u00fcrich, Schweiz<\/li>\n\n\n\n<li>Berufsausbilderin &#8211; Praxisausbildnerin (500h), Hochschule f\u00fcr Sozialarbeit, Z\u00fcrich, Schweiz<\/li>\n\n\n\n<li>Spezialisierungskurs Opferrecht (Fachkurs Opferhilfe), Berner Fachhochschule BFH, Bern, Schweiz<\/li>\n\n\n\n<li>Verschiedene Kurse zu folgenden Themen: Trauma, sexuelle und h\u00e4usliche Gewalt, BurnoutGewalt, Burnout, Organisationspsychologie, Schweizerische Gesetzgebung, Beratungstechniken, Essst\u00f6rungen und Migration<\/li>\n\n\n\n<li>Fortbildung PEP\u00ae (nach Dr. Bohne)<\/li>\n<\/ul>\n\n\n\n<h3 class=\"wp-block-heading\">Berufserfahrung<\/h3>\n\n\n\n<ul class=\"wp-block-list\">\n<li>Individuelle psychologische Beratung online und\/oder pers\u00f6nlich<\/li>\n\n\n\n<li>Psychosoziale und rechtliche Beratung nach dem Opferschutzgesetz f\u00fcr Opfer von sexueller und h\u00e4uslicher Gewalt in einer Opferberatungsstelle (Frauenberatung sexuelle Gewalt Opferhilfeberatungsstelle) &#8211; seit zehn Jahren und bis heute, Z\u00fcrich, Schweiz<\/li>\n\n\n\n<li>14 Jahre als Beraterin in der Gewaltopferhilfe (M\u00e4dchenhaus Z\u00fcrich und Frauenhaus AG-SO)<\/li>\n\n\n\n<li>Projektleiterin im Bereich Kultur und soziale Verantwortung<\/li>\n\n\n\n<li>Sprachlehrerin (Portugiesisch und Franz\u00f6sisch) und Tanzlehrerin<\/li>\n\n\n\n<li>Durchf\u00fchrung von mehreren Kursen zum Thema \u201eSexuelle Bel\u00e4stigung am Arbeitsplatz\u201c und von mehreren Vortr\u00e4gen zu sexueller und h\u00e4uslicher Gewalt und der Opferhilfe<\/li>\n\n\n\n<li>Konzeption und Durchf\u00fchrung des Projekts zur Kompetenzentwicklung f\u00fcr Frauen, die Opfer von h\u00e4uslicher Gewalt sind, Frauenhaus AG-SO, Aarau, Schweiz<\/li>\n\n\n\n<li>Mitwirkung bei der Vorbereitung und Durchf\u00fchrung von Vortr\u00e4gen zum Thema \u201ePr\u00e4vention von sexuellem Missbrauch an Kindern und Jugendlichen\u201c; Schulung von Multiplikatoren zu diesem Thema<\/li>\n\n\n\n<li>Koordinatorin eines Hauses im Projekt Casa Abrigo f\u00fcr Kinder und Jugendliche. Projekt der Regierung von S\u00e3o Paulo, 4 Jahre lang<\/li>\n\n\n\n<li>Psychologische Einzelbetreuung und Psychotherapie in einer Privatklinik in S\u00e3o Paulo, Brasilien; psychologische Einzelbetreuung und Psychotherapie in der Gruppe im Gesundheitszentrum Baruer\u00ed in S\u00e3o Paulo, Brasilien; psychologische Einzelbetreuung und Psychotherapie in der Klinik und der Geburtshilfeabteilung im Rahmen der Ausbildung in klinischer Psychologie in der Psychiatrie, sieben Jahre lang<\/li>\n<\/ul>\n\n\n\n<h3 class=\"wp-block-heading\">Mitgliedschaften<\/h3>\n\n\n\n<p>FSP F\u00f6deration Schweiz Psycholog:innen<\/p>\n\n\n\n<p>Z\u00fcPP Kantonalverband der Z\u00fcrcher Psycholog:innen<\/p>\n\n\n\n<p>CEBRAC \u2013 Centro Brasileiro de Cultura<\/p>\n\n\n\n<div style=\"height:1.8em\" aria-hidden=\"true\" id=\"kontakt\" class=\"wp-block-spacer\"><\/div>\n<\/div>\n\n\n\n<div class=\"wp-block-group has-custom-abschnitt-1-background-color has-background has-global-padding is-layout-constrained wp-container-core-group-is-layout-b1423199 wp-block-group-is-layout-constrained\" style=\"margin-top:0;margin-bottom:0;padding-top:2em;padding-bottom:2em\">\n<h2 class=\"wp-block-heading\">Kontakt<\/h2>\n\n\n\n<p>F\u00fcr mehr Informationen, schicken Sie mir doch eine Nachricht entweder per Kontaktformular oder per WhatsApp. Ich beantworte sie sobald wie m\u00f6glich.<\/p>\n\n\n<div class=\"wpforms-container wpforms-container-full wpforms-block wpforms-block-262113c6-9bba-4144-b072-bbd9ab8268d1 wpforms-render-modern\" id=\"wpforms-135\"><form id=\"wpforms-form-135\" class=\"wpforms-validate wpforms-form wpforms-ajax-form\" data-formid=\"135\" method=\"post\" enctype=\"multipart\/form-data\" action=\"\/index.php\/wp-json\/wp\/v2\/pages\/8\" data-token=\"ceef15104571e92be4dd5ee950a4dc8d\" data-token-time=\"1778673982\"><noscript class=\"wpforms-error-noscript\">Please enable JavaScript in your browser to complete this form.<\/noscript><div id=\"wpforms-error-noscript\" style=\"display: none;\">Please enable JavaScript in your browser to complete this form.<\/div><div class=\"wpforms-field-container\"><div id=\"wpforms-135-field_1-container\" class=\"wpforms-field wpforms-field-name\" data-field-id=\"1\"><label class=\"wpforms-field-label\" for=\"wpforms-135-field_1\">Name <span class=\"wpforms-required-label\" aria-hidden=\"true\">*<\/span><\/label><input type=\"text\" id=\"wpforms-135-field_1\" class=\"wpforms-field-medium wpforms-field-required\" name=\"wpforms[fields][1]\" aria-errormessage=\"wpforms-135-field_1-error\" required><\/div>\t\t<div id=\"wpforms-135-field_4-container\"\n\t\t\tclass=\"wpforms-field wpforms-field-text\"\n\t\t\tdata-field-type=\"text\"\n\t\t\tdata-field-id=\"4\"\n\t\t\t>\n\t\t\t<label class=\"wpforms-field-label\" for=\"wpforms-135-field_4\" >Name Nachricht Email<\/label>\n\t\t\t<input type=\"text\" id=\"wpforms-135-field_4\" class=\"wpforms-field-medium\" name=\"wpforms[fields][4]\" >\n\t\t<\/div>\n\t\t<div id=\"wpforms-135-field_2-container\" class=\"wpforms-field wpforms-field-email\" data-field-id=\"2\"><label class=\"wpforms-field-label\" for=\"wpforms-135-field_2\">Email <span class=\"wpforms-required-label\" aria-hidden=\"true\">*<\/span><\/label><input type=\"email\" id=\"wpforms-135-field_2\" class=\"wpforms-field-medium wpforms-field-required\" name=\"wpforms[fields][2]\" spellcheck=\"false\" aria-errormessage=\"wpforms-135-field_2-error\" required><\/div><div id=\"wpforms-135-field_3-container\" class=\"wpforms-field wpforms-field-textarea\" data-field-id=\"3\"><label class=\"wpforms-field-label\" for=\"wpforms-135-field_3\">Nachricht <span class=\"wpforms-required-label\" aria-hidden=\"true\">*<\/span><\/label><textarea id=\"wpforms-135-field_3\" class=\"wpforms-field-medium wpforms-field-required\" name=\"wpforms[fields][3]\" aria-errormessage=\"wpforms-135-field_3-error\" required><\/textarea><\/div><script>\n\t\t\t\t( function() {\n\t\t\t\t\tconst style = document.createElement( 'style' );\n\t\t\t\t\tstyle.appendChild( document.createTextNode( '#wpforms-135-field_4-container { position: absolute !important; overflow: hidden !important; display: inline !important; height: 1px !important; width: 1px !important; z-index: -1000 !important; padding: 0 !important; } #wpforms-135-field_4-container input { visibility: hidden; } #wpforms-conversational-form-page #wpforms-135-field_4-container label { counter-increment: none; }' ) );\n\t\t\t\t\tdocument.head.appendChild( style );\n\t\t\t\t\tdocument.currentScript?.remove();\n\t\t\t\t} )();\n\t\t\t<\/script><\/div><!-- .wpforms-field-container --><div class=\"wpforms-submit-container\" ><input type=\"hidden\" name=\"wpforms[id]\" value=\"135\"><input type=\"hidden\" name=\"page_title\" value=\"\"><input type=\"hidden\" name=\"page_url\" value=\"https:\/\/talithawidmer.com\/index.php\/wp-json\/wp\/v2\/pages\/8\"><input type=\"hidden\" name=\"url_referer\" value=\"\"><button type=\"submit\" name=\"wpforms[submit]\" id=\"wpforms-submit-135\" class=\"wpforms-submit\" data-alt-text=\"Wird gesendet...\" data-submit-text=\"Absenden\" aria-live=\"assertive\" value=\"wpforms-submit\">Absenden<\/button><img loading=\"lazy\" decoding=\"async\" src=\"https:\/\/talithawidmer.com\/wp-content\/plugins\/wpforms-lite\/assets\/images\/submit-spin.svg\" class=\"wpforms-submit-spinner\" style=\"display: none;\" width=\"26\" height=\"26\" alt=\"Loading\"><\/div><\/form><\/div>  <!-- .wpforms-container -->\n\n\n<figure class=\"wp-block-image size-full\"><a href=\"https:\/\/wa.me\/message\/7PX46WBMOI2ZD1\"><img loading=\"lazy\" decoding=\"async\" width=\"320\" height=\"72\" src=\"https:\/\/talithawidmer.com\/wp-content\/uploads\/2025\/02\/WhatsAppButtonWhiteSmall.png\" alt=\"\" class=\"wp-image-269\" srcset=\"https:\/\/talithawidmer.com\/wp-content\/uploads\/2025\/02\/WhatsAppButtonWhiteSmall.png 320w, https:\/\/talithawidmer.com\/wp-content\/uploads\/2025\/02\/WhatsAppButtonWhiteSmall-300x68.png 300w\" sizes=\"auto, (max-width: 320px) 100vw, 320px\" \/><\/a><\/figure>\n<\/div>\n\n\n\n<div class=\"wp-block-group has-global-padding is-layout-constrained wp-container-core-group-is-layout-7bf8c356 wp-block-group-is-layout-constrained\" style=\"margin-top:0;margin-bottom:0;padding-top:var(--wp--preset--spacing--10);padding-bottom:var(--wp--preset--spacing--10)\">\n<figure class=\"wp-block-image aligncenter size-medium\"><img loading=\"lazy\" decoding=\"async\" width=\"300\" height=\"255\" src=\"https:\/\/talithawidmer.com\/wp-content\/uploads\/2025\/03\/logo-fsp-300x255.png\" alt=\"\" class=\"wp-image-282\" srcset=\"https:\/\/talithawidmer.com\/wp-content\/uploads\/2025\/03\/logo-fsp-300x255.png 300w, https:\/\/talithawidmer.com\/wp-content\/uploads\/2025\/03\/logo-fsp-1024x872.png 1024w, https:\/\/talithawidmer.com\/wp-content\/uploads\/2025\/03\/logo-fsp-768x654.png 768w, https:\/\/talithawidmer.com\/wp-content\/uploads\/2025\/03\/logo-fsp-1536x1308.png 1536w, https:\/\/talithawidmer.com\/wp-content\/uploads\/2025\/03\/logo-fsp-2048x1744.png 2048w\" sizes=\"auto, (max-width: 300px) 100vw, 300px\" \/><\/figure>\n\n\n\n<figure class=\"wp-block-image aligncenter size-full\"><img loading=\"lazy\" decoding=\"async\" width=\"200\" height=\"191\" src=\"https:\/\/talithawidmer.com\/wp-content\/uploads\/2025\/07\/pep-logo-mittel.png\" alt=\"\" class=\"wp-image-364\"\/><\/figure>\n<\/div>\n","protected":false},"excerpt":{"rendered":"<p>Psychologische Beratung f\u00f6rdert die pers\u00f6nliche Entwicklung, ermutigt Sie, Ihre Ressourcen zu erkennen und zu aktivieren und an Themen zu arbeiten, die f\u00fcr Sie aktuell sind. Der gesch\u00fctzte Raum, in dem jeder Gedanke erlaubt und wertgesch\u00e4tzt und jeder Schmerz respektiert wird, erm\u00f6glicht es Ihnen, sich Ihren Blockaden und \u00c4ngsten zu stellen und zu entscheiden, welchen Weg [&hellip;]<\/p>\n","protected":false},"author":1,"featured_media":0,"parent":0,"menu_order":0,"comment_status":"closed","ping_status":"closed","template":"fullwidth","meta":{"footnotes":""},"class_list":["post-8","page","type-page","status-publish","hentry"],"_links":{"self":[{"href":"https:\/\/talithawidmer.com\/index.php\/wp-json\/wp\/v2\/pages\/8","targetHints":{"allow":["GET"]}}],"collection":[{"href":"https:\/\/talithawidmer.com\/index.php\/wp-json\/wp\/v2\/pages"}],"about":[{"href":"https:\/\/talithawidmer.com\/index.php\/wp-json\/wp\/v2\/types\/page"}],"author":[{"embeddable":true,"href":"https:\/\/talithawidmer.com\/index.php\/wp-json\/wp\/v2\/users\/1"}],"replies":[{"embeddable":true,"href":"https:\/\/talithawidmer.com\/index.php\/wp-json\/wp\/v2\/comments?post=8"}],"version-history":[{"count":72,"href":"https:\/\/talithawidmer.com\/index.php\/wp-json\/wp\/v2\/pages\/8\/revisions"}],"predecessor-version":[{"id":369,"href":"https:\/\/talithawidmer.com\/index.php\/wp-json\/wp\/v2\/pages\/8\/revisions\/369"}],"wp:attachment":[{"href":"https:\/\/talithawidmer.com\/index.php\/wp-json\/wp\/v2\/media?parent=8"}],"curies":[{"name":"wp","href":"https:\/\/api.w.org\/{rel}","templated":true}]}}